{"id":2903,"date":"2024-09-20T09:00:15","date_gmt":"2024-09-20T07:00:15","guid":{"rendered":"https:\/\/www.fundacionjoseantoniollorente.org\/nosotros\/"},"modified":"2026-04-13T11:32:50","modified_gmt":"2026-04-13T09:32:50","slug":"nos","status":"publish","type":"page","link":"https:\/\/www.fundacionjoseantoniollorente.org\/pt-br\/nos\/","title":{"rendered":"N\u00f3s"},"content":{"rendered":"","protected":false},"excerpt":{"rendered":"","protected":false},"author":2,"featured_media":0,"parent":0,"menu_order":0,"comment_status":"closed","ping_status":"closed","template":"template-nosotros.php","meta":{"_acf_changed":false,"footnotes":""},"class_list":["post-2903","page","type-page","status-publish","hentry"],"acf":[],"yoast_head":"<!-- This site is optimized with the Yoast SEO Premium plugin v21.6 (Yoast SEO v23.4) - https:\/\/yoast.com\/wordpress\/plugins\/seo\/ -->\n<title>N\u00f3s - Fundaci\u00f3n Jos\u00e9 Antonio Llorente<\/title>\n<meta name=\"robots\" content=\"index, follow, max-snippet:-1, max-image-preview:large, max-video-preview:-1\" \/>\n<link rel=\"canonical\" href=\"https:\/\/www.fundacionjoseantoniollorente.org\/pt-br\/nos\/\" \/>\n<meta property=\"og:locale\" content=\"pt_BR\" \/>\n<meta property=\"og:type\" content=\"article\" \/>\n<meta property=\"og:title\" content=\"N\u00f3s\" \/>\n<meta property=\"og:url\" content=\"https:\/\/www.fundacionjoseantoniollorente.org\/pt-br\/nos\/\" \/>\n<meta property=\"og:site_name\" content=\"Fundaci\u00f3n Jos\u00e9 Antonio Llorente\" \/>\n<meta property=\"article:modified_time\" content=\"2026-04-13T09:32:50+00:00\" \/>\n<meta name=\"twitter:card\" content=\"summary_large_image\" \/>\n<script type=\"application\/ld+json\" class=\"yoast-schema-graph\">{\"@context\":\"https:\/\/schema.org\",\"@graph\":[{\"@type\":\"WebPage\",\"@id\":\"https:\/\/www.fundacionjoseantoniollorente.org\/pt-br\/nos\/\",\"url\":\"https:\/\/www.fundacionjoseantoniollorente.org\/pt-br\/nos\/\",\"name\":\"N\u00f3s - Fundaci\u00f3n Jos\u00e9 Antonio Llorente\",\"isPartOf\":{\"@id\":\"https:\/\/www.fundacionjoseantoniollorente.org\/#website\"},\"datePublished\":\"2024-09-20T07:00:15+00:00\",\"dateModified\":\"2026-04-13T09:32:50+00:00\",\"breadcrumb\":{\"@id\":\"https:\/\/www.fundacionjoseantoniollorente.org\/pt-br\/nos\/#breadcrumb\"},\"inLanguage\":\"pt-BR\",\"potentialAction\":[{\"@type\":\"ReadAction\",\"target\":[\"https:\/\/www.fundacionjoseantoniollorente.org\/pt-br\/nos\/\"]}]},{\"@type\":\"BreadcrumbList\",\"@id\":\"https:\/\/www.fundacionjoseantoniollorente.org\/pt-br\/nos\/#breadcrumb\",\"itemListElement\":[{\"@type\":\"ListItem\",\"position\":1,\"name\":\"Home\",\"item\":\"https:\/\/www.fundacionjoseantoniollorente.org\/pt-br\/\"},{\"@type\":\"ListItem\",\"position\":2,\"name\":\"N\u00f3s\"}]},{\"@type\":\"WebSite\",\"@id\":\"https:\/\/www.fundacionjoseantoniollorente.org\/#website\",\"url\":\"https:\/\/www.fundacionjoseantoniollorente.org\/\",\"name\":\"Fundaci\u00f3n Jos\u00e9 Antonio Llorente\",\"description\":\"\",\"potentialAction\":[{\"@type\":\"SearchAction\",\"target\":{\"@type\":\"EntryPoint\",\"urlTemplate\":\"https:\/\/www.fundacionjoseantoniollorente.org\/?s={search_term_string}\"},\"query-input\":{\"@type\":\"PropertyValueSpecification\",\"valueRequired\":true,\"valueName\":\"search_term_string\"}}],\"inLanguage\":\"pt-BR\"}]}<\/script>\n<!-- \/ Yoast SEO Premium plugin. -->","yoast_head_json":{"title":"N\u00f3s - Fundaci\u00f3n Jos\u00e9 Antonio Llorente","robots":{"index":"index","follow":"follow","max-snippet":"max-snippet:-1","max-image-preview":"max-image-preview:large","max-video-preview":"max-video-preview:-1"},"canonical":"https:\/\/www.fundacionjoseantoniollorente.org\/pt-br\/nos\/","og_locale":"pt_BR","og_type":"article","og_title":"N\u00f3s","og_url":"https:\/\/www.fundacionjoseantoniollorente.org\/pt-br\/nos\/","og_site_name":"Fundaci\u00f3n Jos\u00e9 Antonio Llorente","article_modified_time":"2026-04-13T09:32:50+00:00","twitter_card":"summary_large_image","schema":{"@context":"https:\/\/schema.org","@graph":[{"@type":"WebPage","@id":"https:\/\/www.fundacionjoseantoniollorente.org\/pt-br\/nos\/","url":"https:\/\/www.fundacionjoseantoniollorente.org\/pt-br\/nos\/","name":"N\u00f3s - Fundaci\u00f3n Jos\u00e9 Antonio Llorente","isPartOf":{"@id":"https:\/\/www.fundacionjoseantoniollorente.org\/#website"},"datePublished":"2024-09-20T07:00:15+00:00","dateModified":"2026-04-13T09:32:50+00:00","breadcrumb":{"@id":"https:\/\/www.fundacionjoseantoniollorente.org\/pt-br\/nos\/#breadcrumb"},"inLanguage":"pt-BR","potentialAction":[{"@type":"ReadAction","target":["https:\/\/www.fundacionjoseantoniollorente.org\/pt-br\/nos\/"]}]},{"@type":"BreadcrumbList","@id":"https:\/\/www.fundacionjoseantoniollorente.org\/pt-br\/nos\/#breadcrumb","itemListElement":[{"@type":"ListItem","position":1,"name":"Home","item":"https:\/\/www.fundacionjoseantoniollorente.org\/pt-br\/"},{"@type":"ListItem","position":2,"name":"N\u00f3s"}]},{"@type":"WebSite","@id":"https:\/\/www.fundacionjoseantoniollorente.org\/#website","url":"https:\/\/www.fundacionjoseantoniollorente.org\/","name":"Fundaci\u00f3n Jos\u00e9 Antonio Llorente","description":"","potentialAction":[{"@type":"SearchAction","target":{"@type":"EntryPoint","urlTemplate":"https:\/\/www.fundacionjoseantoniollorente.org\/?s={search_term_string}"},"query-input":{"@type":"PropertyValueSpecification","valueRequired":true,"valueName":"search_term_string"}}],"inLanguage":"pt-BR"}]}},"_links":{"self":[{"href":"https:\/\/www.fundacionjoseantoniollorente.org\/pt-br\/wp-json\/wp\/v2\/pages\/2903","targetHints":{"allow":["GET"]}}],"collection":[{"href":"https:\/\/www.fundacionjoseantoniollorente.org\/pt-br\/wp-json\/wp\/v2\/pages"}],"about":[{"href":"https:\/\/www.fundacionjoseantoniollorente.org\/pt-br\/wp-json\/wp\/v2\/types\/page"}],"author":[{"embeddable":true,"href":"https:\/\/www.fundacionjoseantoniollorente.org\/pt-br\/wp-json\/wp\/v2\/users\/2"}],"replies":[{"embeddable":true,"href":"https:\/\/www.fundacionjoseantoniollorente.org\/pt-br\/wp-json\/wp\/v2\/comments?post=2903"}],"version-history":[{"count":23,"href":"https:\/\/www.fundacionjoseantoniollorente.org\/pt-br\/wp-json\/wp\/v2\/pages\/2903\/revisions"}],"predecessor-version":[{"id":9828,"href":"https:\/\/www.fundacionjoseantoniollorente.org\/pt-br\/wp-json\/wp\/v2\/pages\/2903\/revisions\/9828"}],"wp:attachment":[{"href":"https:\/\/www.fundacionjoseantoniollorente.org\/pt-br\/wp-json\/wp\/v2\/media?parent=2903"}],"curies":[{"name":"wp","href":"https:\/\/api.w.org\/{rel}","templated":true}]}}